{"id":3,"date":"2023-08-10T13:08:48","date_gmt":"2023-08-10T13:08:48","guid":{"rendered":"https:\/\/idealcontabilitate.ro\/?page_id=3"},"modified":"2024-06-12T13:13:00","modified_gmt":"2024-06-12T10:13:00","slug":"privacy-policy","status":"publish","type":"page","link":"https:\/\/idealcontabilitate.ro\/index.php\/privacy-policy\/","title":{"rendered":"Politica de confiden\u021bialitate"},"content":{"rendered":"\t\t<div data-elementor-type=\"wp-page\" data-elementor-id=\"3\" class=\"elementor elementor-3\">\n\t\t\t\t\t\t<section class=\"elementor-section elementor-top-section elementor-element elementor-element-25bf6948 elementor-section-boxed elementor-section-height-default elementor-section-height-default\" data-id=\"25bf6948\" data-element_type=\"section\" data-e-type=\"section\">\n\t\t\t\t\t\t\t<div class=\"elementor-background-overlay\"><\/div>\n\t\t\t\t\t\t\t<div class=\"elementor-container elementor-column-gap-default\">\n\t\t\t\t\t<div class=\"elementor-column elementor-col-100 elementor-top-column elementor-element elementor-element-2ab35eb2\" data-id=\"2ab35eb2\" data-element_type=\"column\" data-e-type=\"column\">\n\t\t\t<div class=\"elementor-widget-wrap elementor-element-populated\">\n\t\t\t\t\t\t<div class=\"elementor-element elementor-element-aaac11b elementor-widget elementor-widget-heading\" data-id=\"aaac11b\" data-element_type=\"widget\" data-e-type=\"widget\" data-widget_type=\"heading.default\">\n\t\t\t\t<div class=\"elementor-widget-container\">\n\t\t\t\t\t<h2 class=\"elementor-heading-title elementor-size-default\"><p><b>Politica de\nconfiden\u021bialitate \u2013 Acord GDPR<\/b><\/p><br>\n\n<p><b>CINE SUNTEM<\/b><\/p><br>\n\n<p>Confiden\u021bialitatea datelor tale cu caracter personal este\nimportant\u0103 pentru noi. Acest angajament de respectare a confiden\u021bialit\u0103\u021bii i\u021bi\nexplic\u0103 ce date cu caracter personal colecteaz\u0103 idealcontabilitate.ro de la\ntine, prin intermediul interac\u021biunilor noaste \u0219i modul in care utiliz\u0103m datele\nrespective.Datele noastre de identificare sunt urmatoarele: <\/p><br><p>Denumirea\ncompaniei: Ideal Contabilitate S.R.L. adresa sediului social: Str. rezervelor nr.54, Chiajna, Judetul Ilfov,\nCod unic de inregistrare: 49770479; Nr. Reg. Comertului: J23\/1979\/2024\nTelefon: 0754 853 498<\/p><br>\n\n<p>CE SUNT DATELE CU CARACTER PERSONAL?<\/p><br>\n\n<p>Prin \u201edate personale\u201d se denumesc informa\u021biile unice\nindividuale privind o persoan\u0103 fizic\u0103 identificat\u0103 sau identificabila\n(\u201epersoana vizat\u0103\u201d), referitoare la nume, adresa, Cod Numeric Personal, IP sau\nnumar de telefon, date de localizare, un identificator online, sau la unul sau\nmai multe elemente specifice, proprii identit\u0103\u021bii sale fizice, fiziologice,\ngenetice, psihice, economice, culturale sau sociale.De fiecare dat\u0103 cand\nsolicitam datele tale personale o sa iti explic\u0103m scopul pentru care ne sunt\nnecesare, unde pastr\u0103m datele tale si cine are acces la acestea. Binein\u021beles,\nte inform\u0103m ca oricand dore\u0219ti, iti punem la dispozitie informa\u021biile pe care le\nde\u021binem despre tine si binein\u021beles c\u0103 le vom sterge dac\u0103 ne solici\u021bi acest\nlucru.<\/p><p><br><\/p>\n<p>CE DATE PERSONALE COLECT\u0102M SI DE CE LE COLECT\u0102M<\/p><br>\n\n<p>Colect\u0103m date cu caracter personal pentru a putea r\u0103spunde\ncu succes solicit\u0103rilor tale. Furnizezi unele din aceste date direct, de exemplu, atunci c\u00e2nd ne scrii un mesaj prin intermediul formularului de contact sau, indirect, date de identificare prin adresa ta IP. Noi nu folosim adresa ta\nIP pentru a te identifica, dar te inform\u0103m c\u0103 aceasta este stocata in momentul in care accesezi site-ul nostru \u2013 in principal din motive de securitate. Ai dreptul de a solicita \u0219tergerea IP-ului! In functie de interac\u021biunile pe care\nle ai cu site-ul nostru, datele cu caracter personal pe care le colect\u0103m sunt urm\u0103toarele:<\/p>\n\n<p>\u00b7Nume \u0219i prenume \u2013 pentru identificare;<\/p>\n\n<p>\u00b7Adresa de email \u2013 pentru comunicare;<\/p>\n\n<p>\u00b7Num\u0103r de telefon \u2013 pentru comunicare;<\/p>\n\n<p>\u00b7Mesaj \u2013 Camp \u00een care poti expune problema sau intrebarea ta.<\/p>\n\n<p>Datele cu caracter personal solicitate \u00een momentul transmiterii mesajului sunt folosite DOAR pentru a putea lua legatura cu tine \u0219i pentru a r\u0103spunde cererii tale. Ulterior vor fi solicitate \u0219i date prev\u0103zute de codul fiscal pentru facturarea produselor comandate\/ca\u0219tigate dac\u0103 este cazul.<\/p>\n<p><br><\/p><p>DATE TRANSMISE INVOLUNTAR, ATUNCI C\u00c2ND INTERAC\u021aIONEZI CU WEBSITE-UL NOSTRU:<\/p><br><br>\n\n<p>Adresa IP\u2013 Atunci c\u00e2nd vizitezi situl nostru, adresa IP este \u00eenregistrat\u0103. \u00censa noi NU folosim adresa ta de IP pentru a te identifica sau pentru a fi folosit\u0103 \u00een alte scopuri. Sistemul de operare, browserul, activitatea de navigare \u0219i alte informa\u021bii despre modul \u00een care ai interac\u021bionat cu site-ul. Putem colecta aceste informa\u021bii prin folosirea cookie-urilor sau a altor tehnologii similare.<\/p><p><br><\/p>\n<p>CARE ESTE TEMEIUL LEGAL PENTRU PRELUCRAREA ACESTOR DATE?<\/p>\n<br>\n<p>Datele pe care ni le oferi voluntar (nume, prenume, telefon, adresa de email) \u2013 temeiul legal este acela de a face demersuri la cererea persoanei vizate \u00eenainte de incheierea unui contract (art. 6 alin. (1) lit. b \u0219i c din Regulamentul (UE) 679\/2016). Folosim datele pentru a-\u021bi emite factura fiscal\u0103, dac\u0103 este cazul. \u00cen privin\u021ba datelor pe care le colect\u0103m automat prin folosirea cookie-urilor sau a altor tehnologii similare, temeiul pentru prelucrare este consim\u021b\u0103m\u00e2ntul. Odat\u0103 cu accesarea site-ului, \u0219i selectarea op\u021biunii DA\/De accord \u00ee\u021bi dai in mod valabil consim\u021b\u0103m\u00e2ntul asupra prelucr\u0103rii.<\/p>\n<p>&nbsp;<\/p><p>CARE ESTE SCOPUL COLECT\u0102RII DATELOR \u0218I CUM FOLOSIM INFORMA\u021aIILE TALE PERSONALE<\/p>\n<br>\n<p>Po\u021bi opta \u00een legatur\u0103 cu datele pe care le colect\u0103m. Atunci c\u00e2nd \u021bi se solicit\u0103 s\u0103 furnizezi date cu caracter personal, ai dreptul s\u0103 refuzi. Dac\u0103 alegi s\u0103 nu furnizezi date care sunt necesare pentru a furniza un serviciu sau pentru a comunica cu noi, exist\u0103 posibilitatea s\u0103 nu po\u021bi ob\u021bine informa\u021biile pe care le dore\u0219ti(de exemplu prin transmiterea informa\u021biilor po\u021bi plasa o comand\u0103\/cerere pe site).<\/p><p>&nbsp;<\/p>\n\n<p>\u2013NUMELE SI PRENUMELE\u2013<\/p><br>\n<p>Cum iti folosim numele \u0219i prenumele \u0219i de ce?<\/p>\n\n<p>Contactul cu tine: Este necesar ca tu s\u0103 ne furnizezi anumite date personale pentru a putea \u00eencepe comunicarea \u00een vederea \u00eencheierii unui contract.<\/p>\n\n<p>Detectarea \u0219i prevenirea fraudelor: Pentru a preveni folosirea datelor tale de c\u0103tre al\u021bi utilizatori, este necesar s\u0103 \u00ee\u021bi trimitem mailuri pentru a-\u021bi confirma identitatea.<\/p>\n\n<p>Asisten\u021ba client: Folosim datele pentru a oferi servicii de rela\u021bii cu clien\u021bii \u0219i servicii de asisten\u021b\u0103 (detalii) fie direct, fie prin call center.<\/p>\n<br>\n<p>-INFORMA\u021aII DESPRE TELEFON, LAPTOP SAU TABLET\u0102 SI DESPRE CUM FOLOSE\u0218TI SITEUL-<\/p><br>\n\n<p>Informa\u021biile pe care ni le dai cand navighezi pe siteul nostru, inclusiv adresa IP \u0219i tipul dispozitivului. Totodat\u0103, salv\u0103m informa\u021bii despre modul \u00een care folose\u0219ti site-ul si aplica\u021bia.<\/p>\n\n<p>Cum folosim informa\u021biile despre telefonul, laptopul sau tableta ta \u0219i despre cum folose\u0219ti site-ul si de ce? Imbun\u0103t\u0103\u021bim experienta ta pe site, oferindu-\u021bi versiunea cel mai bine adaptat\u0103 dispozitivului t\u0103u:\nOferirea celei mai bune experien\u021be de navigare pe site.<\/p>\n\n<p>Protej\u0103m site-ul:<\/p><p>Pentru a preveni \u0219i a detecta fraudele \u00eempotriva ta sau a site-ului nostru. Pentru a putea asigura confiden\u021bialitatea\ndatelor.<\/p>\n\n<p>Nu esti obligat s\u0103 ne oferi niciuna din informa\u021biile de mai sus, \u00eens\u0103 dac\u0103 nu faci asta, s-ar putea s\u0103 nu ai posibilitatea de a te bucura de deplina experien\u021b\u0103 de navigare pe site-ul nostru.<\/p>\n<p><br><\/p><p>PERIOADA DE RETEN\u021aIE A DATELOR.<\/p>\n<br>\n<p>Stoc\u0103m datele cu caracter personal doar pe perioada necesar\u0103 \u00eendeplinirii scopurilor, dar numai pan\u0103 la momentul \u00een care hotar\u0103\u0219ti sa \u00ee\u021bi dezactivezi contul de utilizator. \u00cen cazul \u00een care \u021bi-am emis o factur\u0103, datele tale vor fi stocate timp de 10 ani, conform legii.<\/p>\n<p><br><\/p><p>CU CINE PARTAJ\u0102M DATELE CU CARACTER PERSONAL?<\/p><br>\n\n<p>Nu vom dezv\u0103lui informa\u021biile tale c\u0103tre ter\u021be par\u021bi, pentru a fi utilizate \u00een propriile scopuri de marketing sau comerciale ale acestora, far\u0103 consim\u021b\u0103m\u00e2ntul t\u0103u. Totu\u0219i, este posibil s\u0103 dezv\u0103luim informa\u021biile tale c\u0103tre urmatoarele entit\u0103\u021bi:<\/p>\n<p><br><\/p><p>FURNIZORI DE SERVICII<\/p><br>\n\n<p>Putem dezv\u0103lui informa\u021biile tale altor companii care ne furnizeaz\u0103 servicii \u0219i ac\u021bioneaz\u0103 \u00een calitate de persoane \u00eemputernicite, cum ar fi companiile care ne ajut\u0103 pentru facturare, companiilor care se ocup\u0103 de mentenan\u021b\u0103 website-ului sau care trimit e-mailuri \u00een numele nostru. Aceste entita\u021bi sunt selectate cu o grija deosebit\u0103 pentru a ne asigura ca \u00eendeplinesc cerin\u021bele specifice \u00een materie de protec\u021bie a datelor cu caracter personal.\nAceste entita\u021bi au o capacitate limitat\u0103 de a utiliza informa\u021biile tale \u00een alte scopuri dec\u00e2t cel de a ne furniza servicii; Informa\u021biile oferite de tine, ce con\u021bin date de identificare pot fi folosite \u00een scopul intocmirii documentelor de angajare \u0219i a altor documente ce vizeaz\u0103 exclusiv rela\u021biile de munc\u0103 sau pentru comunic\u0103ri comerciale sau r\u0103spunsuri la solicitarile trimise de tine, iar \u00een cazul unor solicitari legitime, vor fi transmise catre autorit\u0103\u021bile\nstatului: Inspectoratul Teritorial de Munca, Agen\u021bia pentru ocuparea For\u021belor de Munc\u0103, Autorita\u021bi Judecatore\u0219ti, altor p\u0103r\u021bi cu consim\u021bamantul sau la instruc\u021biunile tale. \u00cen afar\u0103 dezvaluirilor descrise \u00een prezenta Politica de\nConfiden\u021bialitate, este posibil s\u0103 transmitem informa\u021biile ter\u021bilor c\u0103rora consim\u021bi sau solici\u021bi s\u0103 efectuam o asemenea dezvaluire.<\/p>\n<p><br><\/p><p>CE DREPTURI AI CA PERSOAN\u0102 VIZAT\u0102?<\/p>\n<br>\n<p>Protec\u021bia persoanelor fizice i\u0302n ceea ce prive\u0219te prelucrarea datelor cu caracter personal este un drept fundamental. Articolul 8 alineatul (1) din Carta drepturilor fundamentale a Uniunii Europene (\u201ecarta\u201d) \u0219i articolul 16 alinea\u00adtul (1) din Tratatul privind func\u021bionarea Uniunii Europene (TFUE) preva\u0306d dreptul orica\u0306rei persoane la protec\u021bia datelor cu\ncaracter personal. Drepturile persoanelor vizate privind protec\u021bia persoanelor cu privire la prelucrarea datelor cu caracter personal \u0219i liber\u0103 circula\u021bie a acestor date: dreptul la informare \u0219i acces; dreptul de interven\u021bie asupra\ndatelor; dreptul la rectificare; dreptul la stergerea datelor; dreptul la restric\u021bion\u0103rii prelucr\u0103rii; dreptul la portabilitatea datelor; dreptul de opozi\u021bie \u0219i procesul decizional individual automatizat, inclusiv crearea de\nprofiluri; dreptul de a depune o pl\u00e2ngere i\u0302n fat\u0326a autorita\u0306t\u0326ii de supraveghere (www.dataprotection.ro).<\/p>\n<br><p><span style=\"font-style: inherit;font-weight: inherit;color: var(--ast-global-color-2);background-color: var(--ast-global-color-4)\">CONTACT DAC\u0102<\/span><span style=\"font-style: inherit;font-weight: inherit;color: var(--ast-global-color-2);background-color: var(--ast-global-color-4)\">:<\/span><\/p><br>\n<p>\u2013 vrei s\u0103 afli mai multe detalii despre informa\u021biile din aceasta pagina.<\/p>\n<p>\u2013 vrei s\u0103 nu mai folosim informa\u021biile pe care le avem despre tine.<\/p>\n<p>\u2013 vrei sa \u00ee\u021bi exerci\u021bi oricare din drepturile enumerate mai sus.<\/p>\n<p>\u2013 sau dac\u0103 ai o plangere la adresa noastr\u0103.<\/p>\n<br>\n<p>Te rug\u0103m s\u0103 ne scrii la adresa de e-mail: office@idealcontabilitate.ro<\/p><\/h2>\t\t\t\t<\/div>\n\t\t\t\t<\/div>\n\t\t\t\t\t<\/div>\n\t\t<\/div>\n\t\t\t\t\t<\/div>\n\t\t<\/section>\n\t\t\t\t<\/div>\n\t\t","protected":false},"excerpt":{"rendered":"<p>Politica de confiden\u021bialitate \u2013 Acord GDPR CINE SUNTEM Confiden\u021bialitatea datelor tale cu caracter personal este important\u0103 pentru noi. Acest angajament de respectare a confiden\u021bialit\u0103\u021bii i\u021bi explic\u0103 ce date cu caracter personal colecteaz\u0103 idealcontabilitate.ro de la tine, prin intermediul interac\u021biunilor noaste \u0219i modul in care utiliz\u0103m datele respective.Datele noastre de identificare sunt urmatoarele: Denumirea companiei: Ideal [&hellip;]<\/p>\n","protected":false},"author":1,"featured_media":0,"parent":0,"menu_order":0,"comment_status":"closed","ping_status":"open","template":"","meta":{"site-sidebar-layout":"default","site-content-layout":"","ast-site-content-layout":"","site-content-style":"default","site-sidebar-style":"default","ast-global-header-display":"","ast-banner-title-visibility":"","ast-main-header-display":"","ast-hfb-above-header-display":"","ast-hfb-below-header-display":"","ast-hfb-mobile-header-display":"","site-post-title":"","ast-breadcrumbs-content":"","ast-featured-img":"","footer-sml-layout":"","theme-transparent-header-meta":"","adv-header-id-meta":"","stick-header-meta":"","header-above-stick-meta":"","header-main-stick-meta":"","header-below-stick-meta":"","astra-migrate-meta-layouts":"default","ast-page-background-enabled":"default","ast-page-background-meta":{"desktop":{"background-color":"var(--ast-global-color-4)","background-image":"","background-repeat":"repeat","background-position":"center center","background-size":"auto","background-attachment":"scroll","background-type":"","background-media":"","overlay-type":"","overlay-color":"","overlay-opacity":"","overlay-gradient":""},"tablet":{"background-color":"","background-image":"","background-repeat":"repeat","background-position":"center center","background-size":"auto","background-attachment":"scroll","background-type":"","background-media":"","overlay-type":"","overlay-color":"","overlay-opacity":"","overlay-gradient":""},"mobile":{"background-color":"","background-image":"","background-repeat":"repeat","background-position":"center center","background-size":"auto","background-attachment":"scroll","background-type":"","background-media":"","overlay-type":"","overlay-color":"","overlay-opacity":"","overlay-gradient":""}},"ast-content-background-meta":{"desktop":{"background-color":"var(--ast-global-color-5)","background-image":"","background-repeat":"repeat","background-position":"center center","background-size":"auto","background-attachment":"scroll","background-type":"","background-media":"","overlay-type":"","overlay-color":"","overlay-opacity":"","overlay-gradient":""},"tablet":{"background-color":"var(--ast-global-color-5)","background-image":"","background-repeat":"repeat","background-position":"center center","background-size":"auto","background-attachment":"scroll","background-type":"","background-media":"","overlay-type":"","overlay-color":"","overlay-opacity":"","overlay-gradient":""},"mobile":{"background-color":"var(--ast-global-color-5)","background-image":"","background-repeat":"repeat","background-position":"center center","background-size":"auto","background-attachment":"scroll","background-type":"","background-media":"","overlay-type":"","overlay-color":"","overlay-opacity":"","overlay-gradient":""}},"footnotes":""},"class_list":["post-3","page","type-page","status-publish","hentry"],"_links":{"self":[{"href":"https:\/\/idealcontabilitate.ro\/index.php\/wp-json\/wp\/v2\/pages\/3","targetHints":{"allow":["GET"]}}],"collection":[{"href":"https:\/\/idealcontabilitate.ro\/index.php\/wp-json\/wp\/v2\/pages"}],"about":[{"href":"https:\/\/idealcontabilitate.ro\/index.php\/wp-json\/wp\/v2\/types\/page"}],"author":[{"embeddable":true,"href":"https:\/\/idealcontabilitate.ro\/index.php\/wp-json\/wp\/v2\/users\/1"}],"replies":[{"embeddable":true,"href":"https:\/\/idealcontabilitate.ro\/index.php\/wp-json\/wp\/v2\/comments?post=3"}],"version-history":[{"count":90,"href":"https:\/\/idealcontabilitate.ro\/index.php\/wp-json\/wp\/v2\/pages\/3\/revisions"}],"predecessor-version":[{"id":2302,"href":"https:\/\/idealcontabilitate.ro\/index.php\/wp-json\/wp\/v2\/pages\/3\/revisions\/2302"}],"wp:attachment":[{"href":"https:\/\/idealcontabilitate.ro\/index.php\/wp-json\/wp\/v2\/media?parent=3"}],"curies":[{"name":"wp","href":"https:\/\/api.w.org\/{rel}","templated":true}]}}