{"id":2225,"date":"2024-05-24T18:15:34","date_gmt":"2024-05-24T15:15:34","guid":{"rendered":"https:\/\/idealcontabilitate.ro\/?page_id=2225"},"modified":"2024-05-24T18:16:39","modified_gmt":"2024-05-24T15:16:39","slug":"formular-cerere-oferta","status":"publish","type":"page","link":"https:\/\/idealcontabilitate.ro\/index.php\/formular-cerere-oferta\/","title":{"rendered":"Formular cerere ofert\u0103"},"content":{"rendered":"\t\t<div data-elementor-type=\"wp-page\" data-elementor-id=\"2225\" class=\"elementor elementor-2225\">\n\t\t\t\t\t\t<section class=\"elementor-section elementor-top-section elementor-element elementor-element-4ff94ab elementor-section-boxed elementor-section-height-default elementor-section-height-default\" data-id=\"4ff94ab\" data-element_type=\"section\" data-e-type=\"section\">\n\t\t\t\t\t\t<div class=\"elementor-container elementor-column-gap-default\">\n\t\t\t\t\t<div class=\"elementor-column elementor-col-100 elementor-top-column elementor-element elementor-element-88154b5\" data-id=\"88154b5\" data-element_type=\"column\" data-e-type=\"column\">\n\t\t\t<div class=\"elementor-widget-wrap elementor-element-populated\">\n\t\t\t\t\t\t<div class=\"elementor-element elementor-element-c426977 elementor-widget elementor-widget-wpforms\" data-id=\"c426977\" data-element_type=\"widget\" data-e-type=\"widget\" data-widget_type=\"wpforms.default\">\n\t\t\t\t<div class=\"elementor-widget-container\">\n\t\t\t\t\t<div class=\"wpforms-container \" id=\"wpforms-2221\"><form id=\"wpforms-form-2221\" class=\"wpforms-validate wpforms-form wpforms-ajax-form\" data-formid=\"2221\" method=\"post\" enctype=\"multipart\/form-data\" action=\"\/index.php\/wp-json\/wp\/v2\/pages\/2225\" data-token=\"58088a6ea50b5ba21f57a9c739d8874c\" data-token-time=\"1775409699\"><noscript class=\"wpforms-error-noscript\">Please enable JavaScript in your browser to complete this form.<\/noscript><div class=\"wpforms-field-container\"><div id=\"wpforms-2221-field_1-container\" class=\"wpforms-field wpforms-field-name\" data-field-id=\"1\"><label class=\"wpforms-field-label\">Nume <span class=\"wpforms-required-label\">*<\/span><\/label><div class=\"wpforms-field-row wpforms-field-medium\"><div class=\"wpforms-field-row-block wpforms-first wpforms-one-half\"><input type=\"text\" id=\"wpforms-2221-field_1\" class=\"wpforms-field-name-first wpforms-field-required\" name=\"wpforms[fields][1][first]\" placeholder=\"Numele de familie\" required><label for=\"wpforms-2221-field_1\" class=\"wpforms-field-sublabel after\">First<\/label><\/div><div class=\"wpforms-field-row-block wpforms-one-half\"><input type=\"text\" id=\"wpforms-2221-field_1-last\" class=\"wpforms-field-name-last wpforms-field-required\" name=\"wpforms[fields][1][last]\" placeholder=\"Prenume\" required><label for=\"wpforms-2221-field_1-last\" class=\"wpforms-field-sublabel after\">Last<\/label><\/div><\/div><\/div><div id=\"wpforms-2221-field_3-container\" class=\"wpforms-field wpforms-field-number\" data-field-id=\"3\"><label class=\"wpforms-field-label\" for=\"wpforms-2221-field_3\">Num\u0103rul dvs de telefon <span class=\"wpforms-required-label\">*<\/span><\/label><input type=\"number\" id=\"wpforms-2221-field_3\" class=\"wpforms-field-medium wpforms-field-required\" name=\"wpforms[fields][3]\" placeholder=\"0720.....\" step=\"any\" required><\/div><div id=\"wpforms-2221-field_2-container\" class=\"wpforms-field wpforms-field-email\" data-field-id=\"2\"><label class=\"wpforms-field-label\" for=\"wpforms-2221-field_2\">e-mail <span class=\"wpforms-required-label\">*<\/span><\/label><input type=\"email\" id=\"wpforms-2221-field_2\" class=\"wpforms-field-medium wpforms-field-required\" name=\"wpforms[fields][2]\" placeholder=\"Adresa dvs e-mail\" spellcheck=\"false\" required><\/div><div id=\"wpforms-2221-field_18-container\" class=\"wpforms-field wpforms-field-radio\" data-field-id=\"18\"><label class=\"wpforms-field-label\">Companie <span class=\"wpforms-required-label\">*<\/span><\/label><ul id=\"wpforms-2221-field_18\" class=\"wpforms-field-required\"><li class=\"choice-1 depth-1\"><input type=\"radio\" id=\"wpforms-2221-field_18_1\" name=\"wpforms[fields][18]\" value=\"Firm\u0103 nou infiin\u021bat\u0103\" required ><label class=\"wpforms-field-label-inline\" for=\"wpforms-2221-field_18_1\">Firm\u0103 nou infiin\u021bat\u0103<\/label><\/li><li class=\"choice-2 depth-1\"><input type=\"radio\" id=\"wpforms-2221-field_18_2\" name=\"wpforms[fields][18]\" value=\"Firm\u0103 existent\u0103\" required ><label class=\"wpforms-field-label-inline\" for=\"wpforms-2221-field_18_2\">Firm\u0103 existent\u0103<\/label><\/li><\/ul><\/div><div id=\"wpforms-2221-field_24-container\" class=\"wpforms-field wpforms-field-radio\" data-field-id=\"24\"><label class=\"wpforms-field-label\">Status companie <span class=\"wpforms-required-label\">*<\/span><\/label><ul id=\"wpforms-2221-field_24\" class=\"wpforms-field-required\"><li class=\"choice-1 depth-1\"><input type=\"radio\" id=\"wpforms-2221-field_24_1\" name=\"wpforms[fields][24]\" value=\"Pl\u0103titoare de TVA\" required ><label class=\"wpforms-field-label-inline\" for=\"wpforms-2221-field_24_1\">Pl\u0103titoare de TVA<\/label><\/li><li class=\"choice-2 depth-1\"><input type=\"radio\" id=\"wpforms-2221-field_24_2\" name=\"wpforms[fields][24]\" value=\"Nepl\u0103titoare de TVA\" required ><label class=\"wpforms-field-label-inline\" for=\"wpforms-2221-field_24_2\">Nepl\u0103titoare de TVA<\/label><\/li><\/ul><\/div><div id=\"wpforms-2221-field_20-container\" class=\"wpforms-field wpforms-field-radio\" data-field-id=\"20\"><label class=\"wpforms-field-label\">Tip TVA <span class=\"wpforms-required-label\">*<\/span><\/label><ul id=\"wpforms-2221-field_20\" class=\"wpforms-field-required\"><li class=\"choice-1 depth-1\"><input type=\"radio\" id=\"wpforms-2221-field_20_1\" name=\"wpforms[fields][20]\" value=\"Lunar\" required ><label class=\"wpforms-field-label-inline\" for=\"wpforms-2221-field_20_1\">Lunar<\/label><\/li><li class=\"choice-2 depth-1\"><input type=\"radio\" id=\"wpforms-2221-field_20_2\" name=\"wpforms[fields][20]\" value=\"Trimestrial\" required ><label class=\"wpforms-field-label-inline\" for=\"wpforms-2221-field_20_2\">Trimestrial<\/label><\/li><\/ul><\/div><div id=\"wpforms-2221-field_19-container\" class=\"wpforms-field wpforms-field-radio\" data-field-id=\"19\"><label class=\"wpforms-field-label\">Tip impozit <span class=\"wpforms-required-label\">*<\/span><\/label><ul id=\"wpforms-2221-field_19\" class=\"wpforms-field-required\"><li class=\"choice-1 depth-1\"><input type=\"radio\" id=\"wpforms-2221-field_19_1\" name=\"wpforms[fields][19]\" value=\"Impozit venit\" required ><label class=\"wpforms-field-label-inline\" for=\"wpforms-2221-field_19_1\">Impozit venit<\/label><\/li><li class=\"choice-2 depth-1\"><input type=\"radio\" id=\"wpforms-2221-field_19_2\" name=\"wpforms[fields][19]\" value=\"Impozit pe profit\" required ><label class=\"wpforms-field-label-inline\" for=\"wpforms-2221-field_19_2\">Impozit pe profit<\/label><\/li><\/ul><\/div><div id=\"wpforms-2221-field_13-container\" class=\"wpforms-field wpforms-field-number\" data-field-id=\"13\"><label class=\"wpforms-field-label\" for=\"wpforms-2221-field_13\">Numar angaja\u021bi <span class=\"wpforms-required-label\">*<\/span><\/label><input type=\"number\" id=\"wpforms-2221-field_13\" class=\"wpforms-field-medium wpforms-field-required\" name=\"wpforms[fields][13]\" placeholder=\"Ex. 5\" step=\"any\" required><\/div><div id=\"wpforms-2221-field_25-container\" class=\"wpforms-field wpforms-field-radio\" data-field-id=\"25\"><label class=\"wpforms-field-label\">Num\u0103r lunar documente de achizi\u021bie <span class=\"wpforms-required-label\">*<\/span><\/label><ul id=\"wpforms-2221-field_25\" class=\"wpforms-field-required\"><li class=\"choice-1 depth-1\"><input type=\"radio\" id=\"wpforms-2221-field_25_1\" name=\"wpforms[fields][25]\" value=\"0 - 10\" required ><label class=\"wpforms-field-label-inline\" for=\"wpforms-2221-field_25_1\">0 - 10<\/label><\/li><li class=\"choice-2 depth-1\"><input type=\"radio\" id=\"wpforms-2221-field_25_2\" name=\"wpforms[fields][25]\" value=\"10 - 30\" required ><label class=\"wpforms-field-label-inline\" for=\"wpforms-2221-field_25_2\">10 - 30<\/label><\/li><li class=\"choice-3 depth-1\"><input type=\"radio\" id=\"wpforms-2221-field_25_3\" name=\"wpforms[fields][25]\" value=\"30 - 50\" required ><label class=\"wpforms-field-label-inline\" for=\"wpforms-2221-field_25_3\">30 - 50<\/label><\/li><li class=\"choice-4 depth-1\"><input type=\"radio\" id=\"wpforms-2221-field_25_4\" name=\"wpforms[fields][25]\" value=\"Dac\u0103 num\u0103rul este mai mare dec\u00e2t varianta num\u0103rul 3 v\u0103 rug\u0103m s\u0103 men\u021biona\u021bi acest lucru \u00een rubrica comentarii.\" required ><label class=\"wpforms-field-label-inline\" for=\"wpforms-2221-field_25_4\">Dac\u0103 num\u0103rul este mai mare dec\u00e2t varianta num\u0103rul 3 v\u0103 rug\u0103m s\u0103 men\u021biona\u021bi acest lucru \u00een rubrica comentarii.<\/label><\/li><\/ul><\/div><div id=\"wpforms-2221-field_26-container\" class=\"wpforms-field wpforms-field-radio\" data-field-id=\"26\"><label class=\"wpforms-field-label\">Num\u0103r lunar documente emise <span class=\"wpforms-required-label\">*<\/span><\/label><ul id=\"wpforms-2221-field_26\" class=\"wpforms-field-required\"><li class=\"choice-1 depth-1\"><input type=\"radio\" id=\"wpforms-2221-field_26_1\" name=\"wpforms[fields][26]\" value=\"0 - 10\" required ><label class=\"wpforms-field-label-inline\" for=\"wpforms-2221-field_26_1\">0 - 10<\/label><\/li><li class=\"choice-2 depth-1\"><input type=\"radio\" id=\"wpforms-2221-field_26_2\" name=\"wpforms[fields][26]\" value=\"10 - 30\" required ><label class=\"wpforms-field-label-inline\" for=\"wpforms-2221-field_26_2\">10 - 30<\/label><\/li><li class=\"choice-3 depth-1\"><input type=\"radio\" id=\"wpforms-2221-field_26_3\" name=\"wpforms[fields][26]\" value=\"30 - 50\" required ><label class=\"wpforms-field-label-inline\" for=\"wpforms-2221-field_26_3\">30 - 50<\/label><\/li><li class=\"choice-4 depth-1\"><input type=\"radio\" id=\"wpforms-2221-field_26_4\" name=\"wpforms[fields][26]\" value=\"Dac\u0103 num\u0103rul este mai mare dec\u00e2t varianta num\u0103rul 3 v\u0103 rug\u0103m s\u0103 men\u021biona\u021bi acest lucru \u00een rubrica comentarii.\" required ><label class=\"wpforms-field-label-inline\" for=\"wpforms-2221-field_26_4\">Dac\u0103 num\u0103rul este mai mare dec\u00e2t varianta num\u0103rul 3 v\u0103 rug\u0103m s\u0103 men\u021biona\u021bi acest lucru \u00een rubrica comentarii.<\/label><\/li><\/ul><\/div><div id=\"wpforms-2221-field_23-container\" class=\"wpforms-field wpforms-field-textarea\" data-field-id=\"23\"><label class=\"wpforms-field-label\" for=\"wpforms-2221-field_23\">Prezentarea  activit\u0103\u021bii desf\u0103\u0219urate<\/label><textarea id=\"wpforms-2221-field_23\" class=\"wpforms-field-medium\" name=\"wpforms[fields][23]\" placeholder=\"Ex: Produc\u021bie, prest\u0103ri servicii, comer\u021b cu am\u0103nuntul, etc\" ><\/textarea><\/div><div id=\"wpforms-2221-field_17-container\" class=\"wpforms-field wpforms-field-textarea\" data-field-id=\"17\"><label class=\"wpforms-field-label\" for=\"wpforms-2221-field_17\">Comentarii<\/label><textarea id=\"wpforms-2221-field_17\" class=\"wpforms-field-medium\" name=\"wpforms[fields][17]\" placeholder=\"Ex: Num\u0103rul de angaja\u021bi poate varia de la lun\u0103 la lun\u0103\" ><\/textarea><\/div><div id=\"wpforms-2221-field_21-container\" class=\"wpforms-field wpforms-field-radio\" data-field-id=\"21\"><label class=\"wpforms-field-label\">Sunt de-acord cu prelucrarea datelor mele personale exclusiv \u00een scopul comunic\u0103rii cu echipa Ideal Contabilitate. <span class=\"wpforms-required-label\">*<\/span><\/label><ul id=\"wpforms-2221-field_21\" class=\"wpforms-field-required\"><li class=\"choice-1 depth-1\"><input type=\"radio\" id=\"wpforms-2221-field_21_1\" name=\"wpforms[fields][21]\" value=\"Click aici\" required ><label class=\"wpforms-field-label-inline\" for=\"wpforms-2221-field_21_1\">Click aici<\/label><\/li><\/ul><\/div><\/div><!-- .wpforms-field-container --><div class=\"wpforms-submit-container\" ><input type=\"hidden\" name=\"wpforms[id]\" value=\"2221\"><input type=\"hidden\" name=\"page_title\" value=\"\"><input type=\"hidden\" name=\"page_url\" value=\"https:\/\/idealcontabilitate.ro\/index.php\/wp-json\/wp\/v2\/pages\/2225\"><input type=\"hidden\" name=\"url_referer\" value=\"\"><button type=\"submit\" name=\"wpforms[submit]\" id=\"wpforms-submit-2221\" class=\"wpforms-submit\" data-alt-text=\"Sending...\" data-submit-text=\"Submit\" aria-live=\"assertive\" value=\"wpforms-submit\">Submit<\/button><img decoding=\"async\" src=\"https:\/\/idealcontabilitate.ro\/wp-content\/plugins\/wpforms-lite\/assets\/images\/submit-spin.svg\" class=\"wpforms-submit-spinner\" style=\"display: none;\" width=\"26\" height=\"26\" alt=\"Loading\"><\/div><\/form><\/div>  <!-- .wpforms-container -->\t\t\t\t<\/div>\n\t\t\t\t<\/div>\n\t\t\t\t\t<\/div>\n\t\t<\/div>\n\t\t\t\t\t<\/div>\n\t\t<\/section>\n\t\t\t\t<\/div>\n\t\t","protected":false},"excerpt":{"rendered":"<p>Please enable JavaScript in your browser to complete this form.Nume *FirstLastNum\u0103rul dvs de telefon *e-mail *Companie Firm\u0103 nou infiin\u021bat\u0103 Firm\u0103 existent\u0103 Status companie * Pl\u0103titoare de TVA Nepl\u0103titoare de TVA Tip TVA * Lunar Trimestrial Tip impozit * Impozit venit Impozit pe profit Numar angaja\u021bi *Num\u0103r lunar documente de achizi\u021bie * 0 &#8211; 10 10 [&hellip;]<\/p>\n","protected":false},"author":1,"featured_media":0,"parent":0,"menu_order":0,"comment_status":"closed","ping_status":"closed","template":"","meta":{"site-sidebar-layout":"no-sidebar","site-content-layout":"page-builder","ast-site-content-layout":"full-width-container","site-content-style":"default","site-sidebar-style":"default","ast-global-header-display":"","ast-banner-title-visibility":"","ast-main-header-display":"","ast-hfb-above-header-display":"","ast-hfb-below-header-display":"","ast-hfb-mobile-header-display":"","site-post-title":"disabled","ast-breadcrumbs-content":"","ast-featured-img":"disabled","footer-sml-layout":"","theme-transparent-header-meta":"","adv-header-id-meta":"","stick-header-meta":"","header-above-stick-meta":"","header-main-stick-meta":"","header-below-stick-meta":"","astra-migrate-meta-layouts":"default","ast-page-background-enabled":"default","ast-page-background-meta":{"desktop":{"background-color":"var(--ast-global-color-4)","background-image":"","background-repeat":"repeat","background-position":"center center","background-size":"auto","background-attachment":"scroll","background-type":"","background-media":"","overlay-type":"","overlay-color":"","overlay-opacity":"","overlay-gradient":""},"tablet":{"background-color":"","background-image":"","background-repeat":"repeat","background-position":"center center","background-size":"auto","background-attachment":"scroll","background-type":"","background-media":"","overlay-type":"","overlay-color":"","overlay-opacity":"","overlay-gradient":""},"mobile":{"background-color":"","background-image":"","background-repeat":"repeat","background-position":"center center","background-size":"auto","background-attachment":"scroll","background-type":"","background-media":"","overlay-type":"","overlay-color":"","overlay-opacity":"","overlay-gradient":""}},"ast-content-background-meta":{"desktop":{"background-color":"var(--ast-global-color-5)","background-image":"","background-repeat":"repeat","background-position":"center center","background-size":"auto","background-attachment":"scroll","background-type":"","background-media":"","overlay-type":"","overlay-color":"","overlay-opacity":"","overlay-gradient":""},"tablet":{"background-color":"var(--ast-global-color-5)","background-image":"","background-repeat":"repeat","background-position":"center center","background-size":"auto","background-attachment":"scroll","background-type":"","background-media":"","overlay-type":"","overlay-color":"","overlay-opacity":"","overlay-gradient":""},"mobile":{"background-color":"var(--ast-global-color-5)","background-image":"","background-repeat":"repeat","background-position":"center center","background-size":"auto","background-attachment":"scroll","background-type":"","background-media":"","overlay-type":"","overlay-color":"","overlay-opacity":"","overlay-gradient":""}},"footnotes":""},"class_list":["post-2225","page","type-page","status-publish","hentry"],"_links":{"self":[{"href":"https:\/\/idealcontabilitate.ro\/index.php\/wp-json\/wp\/v2\/pages\/2225","targetHints":{"allow":["GET"]}}],"collection":[{"href":"https:\/\/idealcontabilitate.ro\/index.php\/wp-json\/wp\/v2\/pages"}],"about":[{"href":"https:\/\/idealcontabilitate.ro\/index.php\/wp-json\/wp\/v2\/types\/page"}],"author":[{"embeddable":true,"href":"https:\/\/idealcontabilitate.ro\/index.php\/wp-json\/wp\/v2\/users\/1"}],"replies":[{"embeddable":true,"href":"https:\/\/idealcontabilitate.ro\/index.php\/wp-json\/wp\/v2\/comments?post=2225"}],"version-history":[{"count":3,"href":"https:\/\/idealcontabilitate.ro\/index.php\/wp-json\/wp\/v2\/pages\/2225\/revisions"}],"predecessor-version":[{"id":2228,"href":"https:\/\/idealcontabilitate.ro\/index.php\/wp-json\/wp\/v2\/pages\/2225\/revisions\/2228"}],"wp:attachment":[{"href":"https:\/\/idealcontabilitate.ro\/index.php\/wp-json\/wp\/v2\/media?parent=2225"}],"curies":[{"name":"wp","href":"https:\/\/api.w.org\/{rel}","templated":true}]}}