{"id":1507,"date":"2023-08-13T17:48:40","date_gmt":"2023-08-13T14:48:40","guid":{"rendered":"https:\/\/idealcontabilitate.ro\/?page_id=1507"},"modified":"2023-08-13T17:48:40","modified_gmt":"2023-08-13T14:48:40","slug":"cookies","status":"publish","type":"page","link":"https:\/\/idealcontabilitate.ro\/index.php\/home\/cookies\/","title":{"rendered":"Cookies"},"content":{"rendered":"\n<p>CUM FOLOSE\u0218TE ACEST WEBSITE COOKIE-URILE \u0218I INFORMA\u021aIILE COLECTATE<br>Pe acest website sunt folosite dou\u0103 tipuri de cookie-uri: Cookie-uri de sesiune :<br>Acestea sunt cookie-uri temporare, care exist\u0103 doar \u00een perioada \u00een care accesezi website-ul (sau cel mult, p\u00e2n\u0103 \u00een momentul \u00een care \u00eenchizi browser-ul\/ fereastra de internet dup\u0103 ce ai accesat website-ul).<br>Cookie-urile de sesiune ajut\u0103 website-ul wwwwwwwwww s\u0103-\u0219i aminteasc\u0103 ce ai ales pe pagina anterioar\u0103, astfel \u00eenc\u00e2t s\u0103 nu fi nevoit s\u0103 reintroduci informa\u021biile.<br>Un exemplu este pagina de comand\u0103 unde se introduc datele necesare pentru trimiterea comenzii (date pentru facturare, date pentru livrare, etc).<br>Cookie-uri persistente: Acestea sunt cookie-uri care r\u0103m\u00e2n salvate pe device-ul dvs. dup\u0103 ce ai vizitat website-ul nostru. Ele ne ajut\u0103 s\u0103 te identific\u0103m ca \u0219i vizitator unic (salv\u00e2nd un num\u0103r generat aleator).<br>Perioada de timp pentru care un cookie este salvat pe device-ul t\u0103u depinde de tipul de cookie.<br>Pe acest website, se folosesc cookie-uri persistente (cookie-uri de urm\u0103rire) care furnizeaz\u0103 rapoarte de trafic cu con\u021binut semnificativ despre modul de folosire a website-ului si care iti permit s\u0103 vezi ultimele produse vizitate.<br>Cookie-urile de urm\u0103rire r\u0103m\u00e2n salvate pe dispozitivul t\u0103u timp de 6 luni.<br>Folosim urm\u0103torii parteneri pentru a gestiona aceste urm\u0103riri: \u00b7 Google Analytics (cite\u0219te mai multe pe http:\/\/www.google.ro\/intl\/ro\/analytics\/<\/p>\n\n\n\n<p>CUM S\u0102 RESTRIC\u021aIONA\u021aI SAU S\u0102 \u00ceNDEP\u0102RTA\u021aI COOKIE-URILE DE PE DEVICE-UL DVS.<br>Dac\u0103 dore\u0219ti s\u0103 restric\u021bionezi sau s\u0103 blochezi cookie-urile de pe acest website sau s\u0103 \u0219tergi cookie-urile deja create, po\u021bi face asta prin op\u021biunile de browser.<br>Meniul HELP din browser-ul t\u0103u sau manualul telefonului t\u0103u mobil \u00ee\u021bi spune cum s\u0103 faci acest lucru. De asemenea, dac\u0103 dore\u0219ti s\u0103 afli mai multe despre cookie-uri, viziteaz\u0103 www.aboutcookies.org, site care con\u021bine ghiduri despre cum po\u021bi s\u0103 faci asta pe mai multe browsere diferite sau intra pe linkuri enumerate mai jos.<br>Cookie settings in Internet Explorer \u00b7 Cookie settings in Firefox \u00b7 Cookie settings in Chrome \u00b7 Cookie settings in Safari Te rug\u0103m s\u0103 \u021bii cont de faptul c\u0103 restric\u021bionarea cookie-urilor pe acest website poate s\u0103 aib\u0103 efecte asupra func\u021bionalit\u0103\u021bii lui, dar vei putea s\u0103 finalizezi comanda.<br>Dac\u0103 dore\u0219ti s\u0103 vezi con\u021binutul cookie-urilor tale, trebuie doar s\u0103 dai click pe cookie ca s\u0103-l deschizi. Vei vedea un \u0219ir de texte \u0219i numere.<\/p>\n","protected":false},"excerpt":{"rendered":"<p>CUM FOLOSE\u0218TE ACEST WEBSITE COOKIE-URILE \u0218I INFORMA\u021aIILE COLECTATEPe acest website sunt folosite dou\u0103 tipuri de cookie-uri: Cookie-uri de sesiune :Acestea sunt cookie-uri temporare, care exist\u0103 doar \u00een perioada \u00een care accesezi website-ul (sau cel mult, p\u00e2n\u0103 \u00een momentul \u00een care \u00eenchizi browser-ul\/ fereastra de internet dup\u0103 ce ai accesat website-ul).Cookie-urile de sesiune ajut\u0103 website-ul wwwwwwwwww [&hellip;]<\/p>\n","protected":false},"author":1,"featured_media":0,"parent":1318,"menu_order":0,"comment_status":"closed","ping_status":"closed","template":"","meta":{"site-sidebar-layout":"default","site-content-layout":"","ast-site-content-layout":"","site-content-style":"default","site-sidebar-style":"default","ast-global-header-display":"","ast-banner-title-visibility":"","ast-main-header-display":"","ast-hfb-above-header-display":"","ast-hfb-below-header-display":"","ast-hfb-mobile-header-display":"","site-post-title":"","ast-breadcrumbs-content":"","ast-featured-img":"","footer-sml-layout":"","theme-transparent-header-meta":"","adv-header-id-meta":"","stick-header-meta":"","header-above-stick-meta":"","header-main-stick-meta":"","header-below-stick-meta":"","astra-migrate-meta-layouts":"default","ast-page-background-enabled":"default","ast-page-background-meta":{"desktop":{"background-color":"var(--ast-global-color-4)","background-image":"","background-repeat":"repeat","background-position":"center center","background-size":"auto","background-attachment":"scroll","background-type":"","background-media":"","overlay-type":"","overlay-color":"","overlay-opacity":"","overlay-gradient":""},"tablet":{"background-color":"","background-image":"","background-repeat":"repeat","background-position":"center center","background-size":"auto","background-attachment":"scroll","background-type":"","background-media":"","overlay-type":"","overlay-color":"","overlay-opacity":"","overlay-gradient":""},"mobile":{"background-color":"","background-image":"","background-repeat":"repeat","background-position":"center center","background-size":"auto","background-attachment":"scroll","background-type":"","background-media":"","overlay-type":"","overlay-color":"","overlay-opacity":"","overlay-gradient":""}},"ast-content-background-meta":{"desktop":{"background-color":"var(--ast-global-color-5)","background-image":"","background-repeat":"repeat","background-position":"center center","background-size":"auto","background-attachment":"scroll","background-type":"","background-media":"","overlay-type":"","overlay-color":"","overlay-opacity":"","overlay-gradient":""},"tablet":{"background-color":"var(--ast-global-color-5)","background-image":"","background-repeat":"repeat","background-position":"center center","background-size":"auto","background-attachment":"scroll","background-type":"","background-media":"","overlay-type":"","overlay-color":"","overlay-opacity":"","overlay-gradient":""},"mobile":{"background-color":"var(--ast-global-color-5)","background-image":"","background-repeat":"repeat","background-position":"center center","background-size":"auto","background-attachment":"scroll","background-type":"","background-media":"","overlay-type":"","overlay-color":"","overlay-opacity":"","overlay-gradient":""}},"footnotes":""},"class_list":["post-1507","page","type-page","status-publish","hentry"],"_links":{"self":[{"href":"https:\/\/idealcontabilitate.ro\/index.php\/wp-json\/wp\/v2\/pages\/1507","targetHints":{"allow":["GET"]}}],"collection":[{"href":"https:\/\/idealcontabilitate.ro\/index.php\/wp-json\/wp\/v2\/pages"}],"about":[{"href":"https:\/\/idealcontabilitate.ro\/index.php\/wp-json\/wp\/v2\/types\/page"}],"author":[{"embeddable":true,"href":"https:\/\/idealcontabilitate.ro\/index.php\/wp-json\/wp\/v2\/users\/1"}],"replies":[{"embeddable":true,"href":"https:\/\/idealcontabilitate.ro\/index.php\/wp-json\/wp\/v2\/comments?post=1507"}],"version-history":[{"count":1,"href":"https:\/\/idealcontabilitate.ro\/index.php\/wp-json\/wp\/v2\/pages\/1507\/revisions"}],"predecessor-version":[{"id":1509,"href":"https:\/\/idealcontabilitate.ro\/index.php\/wp-json\/wp\/v2\/pages\/1507\/revisions\/1509"}],"up":[{"embeddable":true,"href":"https:\/\/idealcontabilitate.ro\/index.php\/wp-json\/wp\/v2\/pages\/1318"}],"wp:attachment":[{"href":"https:\/\/idealcontabilitate.ro\/index.php\/wp-json\/wp\/v2\/media?parent=1507"}],"curies":[{"name":"wp","href":"https:\/\/api.w.org\/{rel}","templated":true}]}}